{"id":2126,"date":"2026-03-04T16:29:56","date_gmt":"2026-03-04T15:29:56","guid":{"rendered":"https:\/\/animalpowers.fr\/?page_id=2126"},"modified":"2026-03-04T16:29:56","modified_gmt":"2026-03-04T15:29:56","slug":"a-propos","status":"publish","type":"page","link":"https:\/\/animalpowers.fr\/fr\/a-propos\/","title":{"rendered":"\u00c0 propos"},"content":{"rendered":"\t\t<div data-elementor-type=\"wp-page\" data-elementor-id=\"2126\" class=\"elementor elementor-2126\">\n\t\t\t\t\t\t<section class=\"elementor-section elementor-top-section elementor-element elementor-element-47c4e4e elementor-section-boxed elementor-section-height-default elementor-section-height-default\" data-id=\"47c4e4e\" data-element_type=\"section\" data-e-type=\"section\">\n\t\t\t\t\t\t<div class=\"elementor-container elementor-column-gap-default\">\n\t\t\t\t\t<div class=\"elementor-column elementor-col-50 elementor-top-column elementor-element elementor-element-7297892\" data-id=\"7297892\" data-element_type=\"column\" data-e-type=\"column\">\n\t\t\t<div class=\"elementor-widget-wrap elementor-element-populated\">\n\t\t\t\t\t\t<div class=\"elementor-element elementor-element-4531801 elementor-widget__width-initial elementor-widget elementor-widget-image\" data-id=\"4531801\" data-element_type=\"widget\" data-e-type=\"widget\" data-widget_type=\"image.default\">\n\t\t\t\t<div class=\"elementor-widget-container\">\n\t\t\t\t\t\t\t\t\t\t\t\t\t\t\t<img fetchpriority=\"high\" decoding=\"async\" width=\"1024\" height=\"1536\" src=\"https:\/\/animalpowers.fr\/wp-content\/uploads\/2025\/12\/DSCF5056-1-1024x1536.jpg\" class=\"attachment-1536x1536 size-1536x1536 wp-image-2017\" alt=\"\" srcset=\"https:\/\/animalpowers.fr\/wp-content\/uploads\/2025\/12\/DSCF5056-1-1024x1536.jpg 1024w, https:\/\/animalpowers.fr\/wp-content\/uploads\/2025\/12\/DSCF5056-1-400x600.jpg 400w, https:\/\/animalpowers.fr\/wp-content\/uploads\/2025\/12\/DSCF5056-1-683x1024.jpg 683w, https:\/\/animalpowers.fr\/wp-content\/uploads\/2025\/12\/DSCF5056-1-200x300.jpg 200w, https:\/\/animalpowers.fr\/wp-content\/uploads\/2025\/12\/DSCF5056-1-768x1152.jpg 768w, https:\/\/animalpowers.fr\/wp-content\/uploads\/2025\/12\/DSCF5056-1-1365x2048.jpg 1365w, https:\/\/animalpowers.fr\/wp-content\/uploads\/2025\/12\/DSCF5056-1-600x900.jpg 600w, https:\/\/animalpowers.fr\/wp-content\/uploads\/2025\/12\/DSCF5056-1-scaled.jpg 1707w\" sizes=\"(max-width: 1024px) 100vw, 1024px\" \/>\t\t\t\t\t\t\t\t\t\t\t\t\t\t\t<\/div>\n\t\t\t\t<\/div>\n\t\t\t\t\t<\/div>\n\t\t<\/div>\n\t\t\t\t<div class=\"elementor-column elementor-col-50 elementor-top-column elementor-element elementor-element-bc0fff9\" data-id=\"bc0fff9\" data-element_type=\"column\" data-e-type=\"column\">\n\t\t\t<div class=\"elementor-widget-wrap elementor-element-populated\">\n\t\t\t\t\t\t<div class=\"elementor-element elementor-element-1ec9fc8 elementor-widget elementor-widget-heading\" data-id=\"1ec9fc8\" data-element_type=\"widget\" data-e-type=\"widget\" data-widget_type=\"heading.default\">\n\t\t\t\t<div class=\"elementor-widget-container\">\n\t\t\t\t\t<h2 class=\"elementor-heading-title elementor-size-default\">\u00c0 Propos <\/h2>\t\t\t\t<\/div>\n\t\t\t\t<\/div>\n\t\t\t\t<div class=\"elementor-element elementor-element-4fa523c elementor-widget__width-initial elementor-widget elementor-widget-text-editor\" data-id=\"4fa523c\" data-element_type=\"widget\" data-e-type=\"widget\" data-widget_type=\"text-editor.default\">\n\t\t\t\t<div class=\"elementor-widget-container\">\n\t\t\t\t\t\t\t\t\t<p>Je suis n\u00e9e \u00e0 Rotterdam, au c\u0153ur de la ville, entour\u00e9e de b\u00e9ton, de bruit et d\u2019agitation.<\/p>\n<p>\u00c0 la maison, l\u2019atmosph\u00e8re \u00e9tait souvent instable. Trop d\u2019\u00e9motions, trop d\u2019impr\u00e9visibilit\u00e9, trop peu d\u2019espace pour respirer. Tr\u00e8s t\u00f4t, j\u2019ai appris \u00e0 me rendre invisible. \u00c0 m\u2019adapter. \u00c0 me fondre dans mon environnement comme un cam\u00e9l\u00e9on, pour ne d\u00e9ranger personne.<\/p>\n<div>\n<div>Mais \u00e0 force de m\u2019adapter, je me suis perdue.<\/div>\n<div>\u00c0 un moment donn\u00e9, je ne savais plus qui j\u2019\u00e9tais, ce que je voulais, o\u00f9 \u00e9taient mes limites, ni m\u00eame o\u00f9 vivait mon d\u00e9sir.<\/div>\n<div><br><\/div>\n<div>Et c\u2019est pr\u00e9cis\u00e9ment l\u00e0 que mon v\u00e9ritable chemin a commenc\u00e9.<\/div><div><br><\/div>\n<\/div>\n<div><div>Car alors que le monde humain \u00e9tait pour moi trop dense, trop intense, les animaux m\u2019offraient quelque chose que je ne trouvais nulle part ailleurs : du calme, de l\u2019authenticit\u00e9, une pr\u00e9sence silencieuse qui ne m\u2019envahissait pas.<\/div><div>Ils me regardaient sans jugement.<\/div><div>Ils n\u2019attendaient rien de moi.<\/div><div>Ils \u00e9taient simplement l\u00e0.<\/div><div>Et dans ce \u201csimplement \u00eatre\u201d, je me retrouvais peu \u00e0 peu moi-m\u00eame.<\/div><\/div><div><br><\/div>\t\t\t\t\t\t\t\t<\/div>\n\t\t\t\t<\/div>\n\t\t\t\t\t<\/div>\n\t\t<\/div>\n\t\t\t\t\t<\/div>\n\t\t<\/section>\n\t\t\t\t<section class=\"elementor-section elementor-top-section elementor-element elementor-element-3e40ecc elementor-section-boxed elementor-section-height-default elementor-section-height-default\" data-id=\"3e40ecc\" data-element_type=\"section\" data-e-type=\"section\">\n\t\t\t\t\t\t<div class=\"elementor-container elementor-column-gap-default\">\n\t\t\t\t\t<div class=\"elementor-column elementor-col-100 elementor-top-column elementor-element elementor-element-b100c46\" data-id=\"b100c46\" data-element_type=\"column\" data-e-type=\"column\">\n\t\t\t<div class=\"elementor-widget-wrap elementor-element-populated\">\n\t\t\t\t\t\t<section class=\"elementor-section elementor-inner-section elementor-element elementor-element-b5a9aa4 elementor-section-boxed elementor-section-height-default elementor-section-height-default\" data-id=\"b5a9aa4\" data-element_type=\"section\" data-e-type=\"section\">\n\t\t\t\t\t\t<div class=\"elementor-container elementor-column-gap-default\">\n\t\t\t\t\t<div class=\"elementor-column elementor-col-50 elementor-inner-column elementor-element elementor-element-9e94c2a\" data-id=\"9e94c2a\" data-element_type=\"column\" data-e-type=\"column\">\n\t\t\t<div class=\"elementor-widget-wrap elementor-element-populated\">\n\t\t\t\t\t\t<div class=\"elementor-element elementor-element-87b2140 elementor-widget elementor-widget-text-editor\" data-id=\"87b2140\" data-element_type=\"widget\" data-e-type=\"widget\" data-widget_type=\"text-editor.default\">\n\t\t\t\t<div class=\"elementor-widget-container\">\n\t\t\t\t\t\t\t\t\t<p>Plus tard, j\u2019ai choisi de vivre dans les Pyr\u00e9n\u00e9es fran\u00e7aises.<br \/>Les montagnes. Le vent. La lumi\u00e8re. Le silence.<br \/>C\u2019est ici que mon corps m\u2019est lentement revenu.<br \/>C\u2019est ici que j\u2019ai r\u00e9appris \u00e0 \u00e9couter.<\/p><p>Dans la nature, tout ce que j\u2019avais autrefois surv\u00e9cu a commenc\u00e9 \u00e0 tomber, comme une vieille peau. J\u2019y ai trouv\u00e9 ce champ neutre qui m\u2019avait manqu\u00e9 enfant. Pas de temp\u00eates \u00e9motionnelles. Pas d\u2019attentes. Juste de l\u2019espace.<\/p><div>\u00a0<\/div>\t\t\t\t\t\t\t\t<\/div>\n\t\t\t\t<\/div>\n\t\t\t\t\t<\/div>\n\t\t<\/div>\n\t\t\t\t<div class=\"elementor-column elementor-col-50 elementor-inner-column elementor-element elementor-element-26fd46b\" data-id=\"26fd46b\" data-element_type=\"column\" data-e-type=\"column\">\n\t\t\t<div class=\"elementor-widget-wrap elementor-element-populated\">\n\t\t\t\t\t\t<div class=\"elementor-element elementor-element-f8057cf elementor-widget elementor-widget-image\" data-id=\"f8057cf\" data-element_type=\"widget\" data-e-type=\"widget\" data-widget_type=\"image.default\">\n\t\t\t\t<div class=\"elementor-widget-container\">\n\t\t\t\t\t\t\t\t\t\t\t\t\t\t\t<img decoding=\"async\" width=\"600\" height=\"400\" src=\"https:\/\/animalpowers.fr\/wp-content\/uploads\/2025\/12\/cropped-IMG-20250109-WA0010-600x400.jpg\" class=\"attachment-medium size-medium wp-image-2083\" alt=\"\" srcset=\"https:\/\/animalpowers.fr\/wp-content\/uploads\/2025\/12\/cropped-IMG-20250109-WA0010-600x400.jpg 600w, https:\/\/animalpowers.fr\/wp-content\/uploads\/2025\/12\/cropped-IMG-20250109-WA0010-1024x683.jpg 1024w, https:\/\/animalpowers.fr\/wp-content\/uploads\/2025\/12\/cropped-IMG-20250109-WA0010-300x200.jpg 300w, https:\/\/animalpowers.fr\/wp-content\/uploads\/2025\/12\/cropped-IMG-20250109-WA0010-768x513.jpg 768w, https:\/\/animalpowers.fr\/wp-content\/uploads\/2025\/12\/cropped-IMG-20250109-WA0010-770x514.jpg 770w, https:\/\/animalpowers.fr\/wp-content\/uploads\/2025\/12\/cropped-IMG-20250109-WA0010.jpg 1500w\" sizes=\"(max-width: 600px) 100vw, 600px\" \/>\t\t\t\t\t\t\t\t\t\t\t\t\t\t\t<\/div>\n\t\t\t\t<\/div>\n\t\t\t\t\t<\/div>\n\t\t<\/div>\n\t\t\t\t\t<\/div>\n\t\t<\/section>\n\t\t\t\t<section class=\"elementor-section elementor-inner-section elementor-element elementor-element-dd53488 elementor-section-boxed elementor-section-height-default elementor-section-height-default\" data-id=\"dd53488\" data-element_type=\"section\" data-e-type=\"section\">\n\t\t\t\t\t\t<div class=\"elementor-container elementor-column-gap-default\">\n\t\t\t\t\t<div class=\"elementor-column elementor-col-50 elementor-inner-column elementor-element elementor-element-a639c7e\" data-id=\"a639c7e\" data-element_type=\"column\" data-e-type=\"column\">\n\t\t\t<div class=\"elementor-widget-wrap elementor-element-populated\">\n\t\t\t\t\t\t<div class=\"elementor-element elementor-element-a78da54 elementor-widget__width-initial elementor-widget elementor-widget-image\" data-id=\"a78da54\" data-element_type=\"widget\" data-e-type=\"widget\" data-widget_type=\"image.default\">\n\t\t\t\t<div class=\"elementor-widget-container\">\n\t\t\t\t\t\t\t\t\t\t\t\t\t\t\t<img decoding=\"async\" width=\"683\" height=\"1024\" src=\"https:\/\/animalpowers.fr\/wp-content\/uploads\/2025\/12\/DSCF6063-9-683x1024.jpg\" class=\"attachment-large size-large wp-image-2024\" alt=\"\" srcset=\"https:\/\/animalpowers.fr\/wp-content\/uploads\/2025\/12\/DSCF6063-9-683x1024.jpg 683w, https:\/\/animalpowers.fr\/wp-content\/uploads\/2025\/12\/DSCF6063-9-400x600.jpg 400w, https:\/\/animalpowers.fr\/wp-content\/uploads\/2025\/12\/DSCF6063-9-200x300.jpg 200w, https:\/\/animalpowers.fr\/wp-content\/uploads\/2025\/12\/DSCF6063-9-768x1152.jpg 768w, https:\/\/animalpowers.fr\/wp-content\/uploads\/2025\/12\/DSCF6063-9-1024x1536.jpg 1024w, https:\/\/animalpowers.fr\/wp-content\/uploads\/2025\/12\/DSCF6063-9-1365x2048.jpg 1365w, https:\/\/animalpowers.fr\/wp-content\/uploads\/2025\/12\/DSCF6063-9-600x900.jpg 600w, https:\/\/animalpowers.fr\/wp-content\/uploads\/2025\/12\/DSCF6063-9-scaled.jpg 1707w\" sizes=\"(max-width: 683px) 100vw, 683px\" \/>\t\t\t\t\t\t\t\t\t\t\t\t\t\t\t<\/div>\n\t\t\t\t<\/div>\n\t\t\t\t\t<\/div>\n\t\t<\/div>\n\t\t\t\t<div class=\"elementor-column elementor-col-50 elementor-inner-column elementor-element elementor-element-624e336\" data-id=\"624e336\" data-element_type=\"column\" data-e-type=\"column\">\n\t\t\t<div class=\"elementor-widget-wrap elementor-element-populated\">\n\t\t\t\t\t\t<div class=\"elementor-element elementor-element-ed6b26c elementor-widget elementor-widget-text-editor\" data-id=\"ed6b26c\" data-element_type=\"widget\" data-e-type=\"widget\" data-widget_type=\"text-editor.default\">\n\t\t\t\t<div class=\"elementor-widget-container\">\n\t\t\t\t\t\t\t\t\t<p>Et dans cet espace, j\u2019ai retrouv\u00e9 le lien avec mon ressenti, ma force et mon intuition. Les animaux sont devenus mes miroirs, mes enseignants, mes guides. Parfois doux. Parfois d\u2019une justesse tranchante.Toujours au bon moment.<\/p><p>J\u2019ai compris que l\u2019on ne se sent vraiment chez soi que lorsque l\u2019on ose ressentir qui l\u2019on est, sans le bruit des autres.<\/p><p>C\u2019est cette sagesse que je transmets aujourd\u2019hui. Pas \u00e0 partir d\u2019un livre. Pas \u00e0 partir d\u2019une m\u00e9thode fig\u00e9e. Mais \u00e0 partir de l\u2019exp\u00e9rience v\u00e9cue : tomber, se relever, se perdre et revenir.<\/p><p>\u00c0 partir de milliers d\u2019heures pass\u00e9es dans la nature, entre chevaux, chiens, oiseaux, arbres et saisons.<\/p><p>Avec la conscience profonde que nous, humains, nous nous perdons souvent en essayant \u00e0 tout prix d\u2019appartenir, alors que notre v\u00e9ritable force r\u00e9side dans la fid\u00e9lit\u00e9 \u00e0 notre propre nature.<\/p><p>Tout ce que je propose \u2013 les consults t\u00e9l\u00e9pathiques avec les animaux, les lectures chakra-animales, le travail syst\u00e9mique avec les chevaux, les voyages de transe, les retraites, le livre Dierenwijsheid et le jeu de cartes Parler avec les animaux \u2013 prend naissance dans un m\u00eame espace.<\/p><div>\u00a0<\/div>\t\t\t\t\t\t\t\t<\/div>\n\t\t\t\t<\/div>\n\t\t\t\t\t<\/div>\n\t\t<\/div>\n\t\t\t\t\t<\/div>\n\t\t<\/section>\n\t\t\t\t\t<\/div>\n\t\t<\/div>\n\t\t\t\t\t<\/div>\n\t\t<\/section>\n\t\t\t\t<section class=\"elementor-section elementor-top-section elementor-element elementor-element-5c7f40c elementor-section-boxed elementor-section-height-default elementor-section-height-default\" data-id=\"5c7f40c\" data-element_type=\"section\" data-e-type=\"section\">\n\t\t\t\t\t\t<div class=\"elementor-container elementor-column-gap-default\">\n\t\t\t\t\t<div class=\"elementor-column elementor-col-100 elementor-top-column elementor-element elementor-element-e4176ca\" data-id=\"e4176ca\" data-element_type=\"column\" data-e-type=\"column\">\n\t\t\t<div class=\"elementor-widget-wrap elementor-element-populated\">\n\t\t\t\t\t\t<div class=\"elementor-element elementor-element-d1bf08d elementor-widget elementor-widget-text-editor\" data-id=\"d1bf08d\" data-element_type=\"widget\" data-e-type=\"widget\" data-widget_type=\"text-editor.default\">\n\t\t\t\t<div class=\"elementor-widget-container\">\n\t\t\t\t\t\t\t\t\t<p>Un espace o\u00f9 l\u2019humain, l\u2019animal et la nature redeviennent un seul champ. Un champ dans lequel la clart\u00e9 revient.Un champ dans lequel le corps recommence \u00e0 parler. Un champ dans lequel vous ressentez \u00e0 nouveau que vous faites partie d\u2019un ensemble plus vaste, qui vous soutient. Car je sais ce que cela fait de se perdre soi-m\u00eame. Et je sais \u00e0 quel point la vie devient magique lorsque l\u2019on se retrouve. Si vous souhaitez savoir ce que je peux vous apporter, vous pouvez prendre rendez-vous ci-dessous.<\/p>\n<div>&nbsp;<\/div>\t\t\t\t\t\t\t\t<\/div>\n\t\t\t\t<\/div>\n\t\t\t\t\t<\/div>\n\t\t<\/div>\n\t\t\t\t\t<\/div>\n\t\t<\/section>\n\t\t\t\t<\/div>\n\t\t","protected":false},"excerpt":{"rendered":"<p>\u00c0 Propos Je suis n\u00e9e \u00e0 Rotterdam, au c\u0153ur de la ville, entour\u00e9e de b\u00e9ton, de bruit et d\u2019agitation. \u00c0 la maison, l\u2019atmosph\u00e8re \u00e9tait souvent instable. Trop d\u2019\u00e9motions, trop d\u2019impr\u00e9visibilit\u00e9, trop peu d\u2019espace pour respirer. Tr\u00e8s t\u00f4t, j\u2019ai appris \u00e0 me rendre invisible. \u00c0 m\u2019adapter. \u00c0 me fondre dans mon environnement comme un cam\u00e9l\u00e9on, pour [&hellip;]<\/p>\n","protected":false},"author":1,"featured_media":0,"parent":0,"menu_order":0,"comment_status":"closed","ping_status":"closed","template":"","meta":{"footnotes":""},"class_list":["post-2126","page","type-page","status-publish","hentry"],"_links":{"self":[{"href":"https:\/\/animalpowers.fr\/wp-json\/wp\/v2\/pages\/2126","targetHints":{"allow":["GET"]}}],"collection":[{"href":"https:\/\/animalpowers.fr\/wp-json\/wp\/v2\/pages"}],"about":[{"href":"https:\/\/animalpowers.fr\/wp-json\/wp\/v2\/types\/page"}],"author":[{"embeddable":true,"href":"https:\/\/animalpowers.fr\/wp-json\/wp\/v2\/users\/1"}],"replies":[{"embeddable":true,"href":"https:\/\/animalpowers.fr\/wp-json\/wp\/v2\/comments?post=2126"}],"version-history":[{"count":4,"href":"https:\/\/animalpowers.fr\/wp-json\/wp\/v2\/pages\/2126\/revisions"}],"predecessor-version":[{"id":2130,"href":"https:\/\/animalpowers.fr\/wp-json\/wp\/v2\/pages\/2126\/revisions\/2130"}],"wp:attachment":[{"href":"https:\/\/animalpowers.fr\/wp-json\/wp\/v2\/media?parent=2126"}],"curies":[{"name":"wp","href":"https:\/\/api.w.org\/{rel}","templated":true}]}}