{"id":2143,"date":"2026-03-04T15:31:46","date_gmt":"2026-03-04T14:31:46","guid":{"rendered":"https:\/\/animalpowers.fr\/?page_id=2143"},"modified":"2026-03-04T15:31:46","modified_gmt":"2026-03-04T14:31:46","slug":"constellations-avec-les-chevaux","status":"publish","type":"page","link":"https:\/\/animalpowers.fr\/fr\/constellations-avec-les-chevaux\/","title":{"rendered":"Constellations avec les chevaux"},"content":{"rendered":"\t\t<div data-elementor-type=\"wp-page\" data-elementor-id=\"2143\" class=\"elementor elementor-2143\">\n\t\t\t\t\t\t<section class=\"elementor-section elementor-top-section elementor-element elementor-element-db11359 elementor-section-boxed elementor-section-height-default elementor-section-height-default\" data-id=\"db11359\" data-element_type=\"section\" data-e-type=\"section\">\n\t\t\t\t\t\t<div class=\"elementor-container elementor-column-gap-default\">\n\t\t\t\t\t<div class=\"elementor-column elementor-col-100 elementor-top-column elementor-element elementor-element-e3b73be\" data-id=\"e3b73be\" data-element_type=\"column\" data-e-type=\"column\">\n\t\t\t<div class=\"elementor-widget-wrap elementor-element-populated\">\n\t\t\t\t\t\t<div class=\"elementor-element elementor-element-87286da elementor-widget elementor-widget-heading\" data-id=\"87286da\" data-element_type=\"widget\" data-e-type=\"widget\" data-widget_type=\"heading.default\">\n\t\t\t\t<div class=\"elementor-widget-container\">\n\t\t\t\t\t<h1 class=\"elementor-heading-title elementor-size-default\">Un regard clair sur ce qui se joue sous la surface<\/h1>\t\t\t\t<\/div>\n\t\t\t\t<\/div>\n\t\t\t\t\t<\/div>\n\t\t<\/div>\n\t\t\t\t\t<\/div>\n\t\t<\/section>\n\t\t\t\t<section class=\"elementor-section elementor-top-section elementor-element elementor-element-a8e5b4c elementor-section-boxed elementor-section-height-default elementor-section-height-default\" data-id=\"a8e5b4c\" data-element_type=\"section\" data-e-type=\"section\">\n\t\t\t\t\t\t<div class=\"elementor-container elementor-column-gap-default\">\n\t\t\t\t\t<div class=\"elementor-column elementor-col-100 elementor-top-column elementor-element elementor-element-4d05d36\" data-id=\"4d05d36\" data-element_type=\"column\" data-e-type=\"column\">\n\t\t\t<div class=\"elementor-widget-wrap elementor-element-populated\">\n\t\t\t\t\t\t<div class=\"elementor-element elementor-element-68389de elementor-widget elementor-widget-text-editor\" data-id=\"68389de\" data-element_type=\"widget\" data-e-type=\"widget\" data-widget_type=\"text-editor.default\">\n\t\t\t\t<div class=\"elementor-widget-container\">\n\t\t\t\t\t\t\t\t\t<p>Il arrive que quelque chose, dans la vie, ne fonctionne plus. Vous reconnaissez le sch\u00e9ma. Vous voyez les effets.<br \/>Mais vous ne percevez pas o\u00f9 cela commence r\u00e9ellement. Vous vous retrouvez pris dans des r\u00e9p\u00e9titions dans les relations, les choix, les comportements, les \u00e9motions.<br \/>Et au fond de vous, vous savez: cela vient de plus loin que ce que je peux saisir seul(e).<br \/>Le travail syst\u00e9mique met cela en lumi\u00e8re.<\/p><p>Une constellation r\u00e9v\u00e8le<br \/>l\u00e0 o\u00f9 le mouvement s\u2019est interrompu dans votre syst\u00e8me familial,<br \/>l\u00e0 o\u00f9 votre place s\u2019est d\u00e9plac\u00e9e,<br \/>ou l\u00e0 o\u00f9 vous portez quelque chose qui ne vous appartient pas.<br \/>Un syst\u00e8me cherche toujours l\u2019\u00e9quilibre.<br \/><br \/>La constellation permet \u00e0 ce mouvement de se r\u00e9tablir avec douceur, pr\u00e9cision et sans mise en sc\u00e8ne inutile.<br \/>Dans mon travail, une dimension essentielle s\u2019ajoute: les chevaux et la nature comme guides clairs et vivants.<\/p>\t\t\t\t\t\t\t\t<\/div>\n\t\t\t\t<\/div>\n\t\t\t\t\t<\/div>\n\t\t<\/div>\n\t\t\t\t\t<\/div>\n\t\t<\/section>\n\t\t\t\t<section class=\"elementor-section elementor-top-section elementor-element elementor-element-47c4e4e elementor-section-boxed elementor-section-height-default elementor-section-height-default\" data-id=\"47c4e4e\" data-element_type=\"section\" data-e-type=\"section\">\n\t\t\t\t\t\t<div class=\"elementor-container elementor-column-gap-default\">\n\t\t\t\t\t<div class=\"elementor-column elementor-col-50 elementor-top-column elementor-element elementor-element-7297892\" data-id=\"7297892\" data-element_type=\"column\" data-e-type=\"column\">\n\t\t\t<div class=\"elementor-widget-wrap elementor-element-populated\">\n\t\t\t\t\t\t<div class=\"elementor-element elementor-element-4531801 elementor-widget elementor-widget-image\" data-id=\"4531801\" data-element_type=\"widget\" data-e-type=\"widget\" data-widget_type=\"image.default\">\n\t\t\t\t<div class=\"elementor-widget-container\">\n\t\t\t\t\t\t\t\t\t\t\t\t\t\t\t<img fetchpriority=\"high\" decoding=\"async\" width=\"400\" height=\"600\" src=\"https:\/\/animalpowers.fr\/wp-content\/uploads\/2025\/12\/IMG-20250109-WA0007-400x600.jpg\" class=\"attachment-medium size-medium wp-image-2047\" alt=\"\" srcset=\"https:\/\/animalpowers.fr\/wp-content\/uploads\/2025\/12\/IMG-20250109-WA0007-400x600.jpg 400w, https:\/\/animalpowers.fr\/wp-content\/uploads\/2025\/12\/IMG-20250109-WA0007-683x1024.jpg 683w, https:\/\/animalpowers.fr\/wp-content\/uploads\/2025\/12\/IMG-20250109-WA0007-200x300.jpg 200w, https:\/\/animalpowers.fr\/wp-content\/uploads\/2025\/12\/IMG-20250109-WA0007-768x1152.jpg 768w, https:\/\/animalpowers.fr\/wp-content\/uploads\/2025\/12\/IMG-20250109-WA0007-1024x1536.jpg 1024w, https:\/\/animalpowers.fr\/wp-content\/uploads\/2025\/12\/IMG-20250109-WA0007-600x900.jpg 600w, https:\/\/animalpowers.fr\/wp-content\/uploads\/2025\/12\/IMG-20250109-WA0007.jpg 1280w\" sizes=\"(max-width: 400px) 100vw, 400px\" \/>\t\t\t\t\t\t\t\t\t\t\t\t\t\t\t<\/div>\n\t\t\t\t<\/div>\n\t\t\t\t\t<\/div>\n\t\t<\/div>\n\t\t\t\t<div class=\"elementor-column elementor-col-50 elementor-top-column elementor-element elementor-element-bc0fff9\" data-id=\"bc0fff9\" data-element_type=\"column\" data-e-type=\"column\">\n\t\t\t<div class=\"elementor-widget-wrap elementor-element-populated\">\n\t\t\t\t\t\t<div class=\"elementor-element elementor-element-1ec9fc8 elementor-widget elementor-widget-heading\" data-id=\"1ec9fc8\" data-element_type=\"widget\" data-e-type=\"widget\" data-widget_type=\"heading.default\">\n\t\t\t\t<div class=\"elementor-widget-container\">\n\t\t\t\t\t<h2 class=\"elementor-heading-title elementor-size-default\">Pourquoi les chevaux ?<\/h2>\t\t\t\t<\/div>\n\t\t\t\t<\/div>\n\t\t\t\t<div class=\"elementor-element elementor-element-4fa523c elementor-widget elementor-widget-text-editor\" data-id=\"4fa523c\" data-element_type=\"widget\" data-e-type=\"widget\" data-widget_type=\"text-editor.default\">\n\t\t\t\t<div class=\"elementor-widget-container\">\n\t\t\t\t\t\t\t\t\t<p>Les chevaux sont extr\u00eamement sensibles \u00e0 l\u2019\u00e9nergie.<br \/>Ils per\u00e7oivent la tension avant m\u00eame que vous n\u2019ayez prononc\u00e9 un mot.<br \/>Ils ne r\u00e9agissent pas \u00e0 votre histoire,<br \/>mais \u00e0 votre v\u00e9rit\u00e9 int\u00e9rieure.<br \/><br \/><b>Ils montrent avec une grande justesse:<br \/><\/b>\u2022 l\u00e0 o\u00f9 vous vous retirez<br \/>\u2022 l\u00e0 o\u00f9 vous d\u00e9passez vos limites<br \/>\u2022 l\u00e0 o\u00f9 vous portez une responsabilit\u00e9 qui n\u2019est pas la v\u00f4tre<br \/>\u2022 l\u00e0 o\u00f9 un ancien mouvement est fig\u00e9 dans votre syst\u00e8me<br \/><br \/>Les chevaux ne bougent que lorsqu\u2019un d\u00e9placement int\u00e9rieur s\u2019op\u00e8re. C\u2019est pr\u00e9cis\u00e9ment ce qui rend les constellations avec les chevaux<br \/>si directes, si incarn\u00e9es, et si justes.<\/p>\t\t\t\t\t\t\t\t<\/div>\n\t\t\t\t<\/div>\n\t\t\t\t\t<\/div>\n\t\t<\/div>\n\t\t\t\t\t<\/div>\n\t\t<\/section>\n\t\t\t\t<section class=\"elementor-section elementor-top-section elementor-element elementor-element-97d3174 elementor-section-boxed elementor-section-height-default elementor-section-height-default\" data-id=\"97d3174\" data-element_type=\"section\" data-e-type=\"section\">\n\t\t\t\t\t\t<div class=\"elementor-container elementor-column-gap-default\">\n\t\t\t\t\t<div class=\"elementor-column elementor-col-100 elementor-top-column elementor-element elementor-element-36fd602\" data-id=\"36fd602\" data-element_type=\"column\" data-e-type=\"column\">\n\t\t\t<div class=\"elementor-widget-wrap elementor-element-populated\">\n\t\t\t\t\t\t<div class=\"elementor-element elementor-element-87b2140 elementor-widget elementor-widget-text-editor\" data-id=\"87b2140\" data-element_type=\"widget\" data-e-type=\"widget\" data-widget_type=\"text-editor.default\">\n\t\t\t\t<div class=\"elementor-widget-container\">\n\t\t\t\t\t\t\t\t\t<p><b>Et ce ne sont pas seulement les chevaux<br \/><\/b>Le chien qui s\u2019approche au moment exact. Les oiseaux qui volent bas lorsque quelque chose se remet \u00e0 sa place.<br \/>Le soleil qui perce, ou la pluie qui lib\u00e8re une histoire ancienne.<\/p><p>Dans la nature, tout participe.<br \/>Tout r\u00e9agit \u00e0 votre processus.<br \/>Le champ est plus vaste que vous seul(e).<\/p>\t\t\t\t\t\t\t\t<\/div>\n\t\t\t\t<\/div>\n\t\t\t\t<div class=\"elementor-element elementor-element-b36526d elementor-widget elementor-widget-heading\" data-id=\"b36526d\" data-element_type=\"widget\" data-e-type=\"widget\" data-widget_type=\"heading.default\">\n\t\t\t\t<div class=\"elementor-widget-container\">\n\t\t\t\t\t<h2 class=\"elementor-heading-title elementor-size-default\"><br>Ma mani\u00e8re de travailler<\/h2>\t\t\t\t<\/div>\n\t\t\t\t<\/div>\n\t\t\t\t\t<\/div>\n\t\t<\/div>\n\t\t\t\t\t<\/div>\n\t\t<\/section>\n\t\t\t\t<section class=\"elementor-section elementor-top-section elementor-element elementor-element-3e40ecc elementor-section-boxed elementor-section-height-default elementor-section-height-default\" data-id=\"3e40ecc\" data-element_type=\"section\" data-e-type=\"section\">\n\t\t\t\t\t\t<div class=\"elementor-container elementor-column-gap-default\">\n\t\t\t\t\t<div class=\"elementor-column elementor-col-100 elementor-top-column elementor-element elementor-element-b100c46\" data-id=\"b100c46\" data-element_type=\"column\" data-e-type=\"column\">\n\t\t\t<div class=\"elementor-widget-wrap elementor-element-populated\">\n\t\t\t\t\t\t<section class=\"elementor-section elementor-inner-section elementor-element elementor-element-b5a9aa4 elementor-section-boxed elementor-section-height-default elementor-section-height-default\" data-id=\"b5a9aa4\" data-element_type=\"section\" data-e-type=\"section\">\n\t\t\t\t\t\t<div class=\"elementor-container elementor-column-gap-default\">\n\t\t\t\t\t<div class=\"elementor-column elementor-col-50 elementor-inner-column elementor-element elementor-element-9e94c2a\" data-id=\"9e94c2a\" data-element_type=\"column\" data-e-type=\"column\">\n\t\t\t<div class=\"elementor-widget-wrap elementor-element-populated\">\n\t\t\t\t\t\t<div class=\"elementor-element elementor-element-c7a8db7 elementor-widget elementor-widget-text-editor\" data-id=\"c7a8db7\" data-element_type=\"widget\" data-e-type=\"widget\" data-widget_type=\"text-editor.default\">\n\t\t\t\t<div class=\"elementor-widget-container\">\n\t\t\t\t\t\t\t\t\t<p>Je combine le travail syst\u00e9mique avec la connection t\u00e9l\u00e9pathique aux animaux et l\u2019\u00e9coute des signaux de la nature.<br \/><br \/><b>Je porte attention \u00e0 :<br \/><\/b>\u2022 ce que vous montrez<br \/>\u2022 ce que le syst\u00e8me r\u00e9v\u00e8le<br \/>\u2022 ce que les chevaux (ou d\u2019autres animaux) refl\u00e8tent<br \/>\u2022 ce que la nature indique<br \/>L\u2019ensemble travaille de concert et montre le chemin.<br \/><br \/><b>Vous n\u2019avez rien \u00e0 forcer. Il suffit d\u2019\u00eatre disponible.<\/b><\/p>\t\t\t\t\t\t\t\t<\/div>\n\t\t\t\t<\/div>\n\t\t\t\t\t<\/div>\n\t\t<\/div>\n\t\t\t\t<div class=\"elementor-column elementor-col-50 elementor-inner-column elementor-element elementor-element-26fd46b\" data-id=\"26fd46b\" data-element_type=\"column\" data-e-type=\"column\">\n\t\t\t<div class=\"elementor-widget-wrap elementor-element-populated\">\n\t\t\t\t\t\t<div class=\"elementor-element elementor-element-f8057cf elementor-widget elementor-widget-image\" data-id=\"f8057cf\" data-element_type=\"widget\" data-e-type=\"widget\" data-widget_type=\"image.default\">\n\t\t\t\t<div class=\"elementor-widget-container\">\n\t\t\t\t\t\t\t\t\t\t\t\t\t\t\t<img decoding=\"async\" src=\"https:\/\/animalpowers.fr\/wp-content\/uploads\/elementor\/thumbs\/IMG-20241129-WA0028-rg034zxtjbxg8luecpfy8fxvsaad2ps6qvhcbfs880.jpg\" title=\"IMG-20241129-WA0028\" alt=\"IMG-20241129-WA0028\" loading=\"lazy\" \/>\t\t\t\t\t\t\t\t\t\t\t\t\t\t\t<\/div>\n\t\t\t\t<\/div>\n\t\t\t\t\t<\/div>\n\t\t<\/div>\n\t\t\t\t\t<\/div>\n\t\t<\/section>\n\t\t\t\t<div class=\"elementor-element elementor-element-19db6db elementor-widget elementor-widget-heading\" data-id=\"19db6db\" data-element_type=\"widget\" data-e-type=\"widget\" data-widget_type=\"heading.default\">\n\t\t\t\t<div class=\"elementor-widget-container\">\n\t\t\t\t\t<h2 class=\"elementor-heading-title elementor-size-default\">Reviews<\/h2>\t\t\t\t<\/div>\n\t\t\t\t<\/div>\n\t\t\t\t<section class=\"elementor-section elementor-inner-section elementor-element elementor-element-e7be6ba elementor-section-boxed elementor-section-height-default elementor-section-height-default\" data-id=\"e7be6ba\" data-element_type=\"section\" data-e-type=\"section\">\n\t\t\t\t\t\t<div class=\"elementor-container elementor-column-gap-default\">\n\t\t\t\t\t<div class=\"elementor-column elementor-col-50 elementor-inner-column elementor-element elementor-element-016b775\" data-id=\"016b775\" data-element_type=\"column\" data-e-type=\"column\">\n\t\t\t<div class=\"elementor-widget-wrap elementor-element-populated\">\n\t\t\t\t\t\t<div class=\"elementor-element elementor-element-72b5671 elementor-widget elementor-widget-text-editor\" data-id=\"72b5671\" data-element_type=\"widget\" data-e-type=\"widget\" data-widget_type=\"text-editor.default\">\n\t\t\t\t<div class=\"elementor-widget-container\">\n\t\t\t\t\t\t\t\t\t<blockquote><p style=\"text-align: left;\"><em>\u00ab\u00a0Lang leve paarden! Magisch was het, krachtig, af en toe hilarisch.. Bij Agnes, een mede Nederlandse aan de andere kant van de rivier, hebben we gisteren de morgen doorgebracht met systemische paardencoaching.<\/em><\/p><p style=\"text-align: left;\"><em>Met haar drie paarden heeft Agnes iedereen begeleid in een familie opstelling, met verbluffende resultaten. E\u00e9n iemand ging er letterlijk van stuiteren.\u00a0\u00bb<\/em><\/p><\/blockquote>\t\t\t\t\t\t\t\t<\/div>\n\t\t\t\t<\/div>\n\t\t\t\t\t<\/div>\n\t\t<\/div>\n\t\t\t\t<div class=\"elementor-column elementor-col-50 elementor-inner-column elementor-element elementor-element-fb0b2e9\" data-id=\"fb0b2e9\" data-element_type=\"column\" data-e-type=\"column\">\n\t\t\t<div class=\"elementor-widget-wrap elementor-element-populated\">\n\t\t\t\t\t\t<div class=\"elementor-element elementor-element-25e9a53 elementor-widget elementor-widget-text-editor\" data-id=\"25e9a53\" data-element_type=\"widget\" data-e-type=\"widget\" data-widget_type=\"text-editor.default\">\n\t\t\t\t<div class=\"elementor-widget-container\">\n\t\t\t\t\t\t\t\t\t<blockquote><p style=\"text-align: left;\"><em><br \/>\u00ab\u00a0Het was fijn hoe Agnes de familieopstelling inleidde en opzette; ze is hierin betrokken en open. Naast haar kennis en duidelijke opzet voor de sessie; laat ze ook ruimte om dingen te laten ontvouwen in het moment. En wat ze uiteindelijk teruggeeft heb ik ervaren als helder en inzichtgevend.\u00a0\u00bb<\/em><\/p><p style=\"text-align: left;\">\u00a0<\/p><\/blockquote>\t\t\t\t\t\t\t\t<\/div>\n\t\t\t\t<\/div>\n\t\t\t\t\t<\/div>\n\t\t<\/div>\n\t\t\t\t\t<\/div>\n\t\t<\/section>\n\t\t\t\t<div class=\"elementor-element elementor-element-a2dc2f0 elementor-widget__width-initial elementor-widget elementor-widget-text-editor\" data-id=\"a2dc2f0\" data-element_type=\"widget\" data-e-type=\"widget\" data-widget_type=\"text-editor.default\">\n\t\t\t\t<div class=\"elementor-widget-container\">\n\t\t\t\t\t\t\t\t\t<h3>Les diff\u00e9rentes formes de constellations<\/h3><p><strong>Constellation individuelle<\/strong><br \/>Une s\u00e9ance en t\u00eate-\u00e0-t\u00eate, enti\u00e8rement centr\u00e9e sur votre question.<br \/>Avec les chevaux, dans le calme,<br \/>afin que chaque mouvement puisse se d\u00e9poser.<br \/>Les constellations peuvent \u00e9galement se faire en ligne,<br \/>avec ou sans la pr\u00e9sence des chevaux.<br \/>La force du champ syst\u00e9mique reste la m\u00eame.<br \/>Les informations apparaissent avec la m\u00eame clart\u00e9.<br \/>Tarif : 80 \u20ac<\/p><p><b>Constellation de groupe<\/b><\/p><p>Une fois par mois, j\u2019organise une journ\u00e9e de constellations avec un maximum de dix participants.<\/p><p>Il y a trois \u00e0 quatre personnes porteuse d\u2019une question, ainsi que plusieurs repr\u00e9sentants.<br \/>La dynamique du groupe renforce le champ.<br \/>Les chevaux et la nature font le reste.<\/p><p>Tarif : 45 \u20ac<\/p><p><b>Parcours : Constellation &amp; coaching avec les chevaux<\/b><\/p><p>La constellation ouvre la porte. Le coaching avec les chevaux vous aide \u00e0 la franchir. <br \/>L\u00e0 o\u00f9 la constellation apporte la compr\u00e9hension, le coaching permet l\u2019incarnation.<\/p><p>Lors de ces s\u00e9ances, vous travaillez concr\u00e8tement avec les chevaux :<\/p><ul><li>brosser, marcher ensemble,<\/li><li>\u00eatre pr\u00e9sent(e),<\/li><li>donner une direction,<\/li><li>sentir vos limites,<\/li><li>laisser \u00e9merger un leadership naturel, sans le forcer.<\/li><\/ul><p>Votre corps int\u00e8gre ce que l\u2019esprit ne peut pas conceptualiser.<br \/>Ce parcours vous aide \u00e0 vivre r\u00e9ellement le nouveau mouvement.<\/p><p><b>Pour les enfants (\u00e0 partir de 8 ans)<\/b><\/p><p>Coaching avec les chevaux<br \/>Pour les enfants, le travail avec les chevaux est une approche s\u00fbre et ludique pour gagner en stabilit\u00e9, en confiance et en calme.<br \/>Les chevaux offrent exactement le bon rythme et le miroir juste.<\/p><p>Tarif : 60 \u20ac<\/p>\t\t\t\t\t\t\t\t<\/div>\n\t\t\t\t<\/div>\n\t\t\t\t<section class=\"elementor-section elementor-inner-section elementor-element elementor-element-dd53488 elementor-section-boxed elementor-section-height-default elementor-section-height-default\" data-id=\"dd53488\" data-element_type=\"section\" data-e-type=\"section\">\n\t\t\t\t\t\t<div class=\"elementor-container elementor-column-gap-default\">\n\t\t\t\t\t<div class=\"elementor-column elementor-col-50 elementor-inner-column elementor-element elementor-element-a639c7e\" data-id=\"a639c7e\" data-element_type=\"column\" data-e-type=\"column\">\n\t\t\t<div class=\"elementor-widget-wrap elementor-element-populated\">\n\t\t\t\t\t\t<div class=\"elementor-element elementor-element-a78da54 elementor-widget elementor-widget-image\" data-id=\"a78da54\" data-element_type=\"widget\" data-e-type=\"widget\" data-widget_type=\"image.default\">\n\t\t\t\t<div class=\"elementor-widget-container\">\n\t\t\t\t\t\t\t\t\t\t\t\t\t\t\t<img decoding=\"async\" width=\"1024\" height=\"683\" src=\"https:\/\/animalpowers.fr\/wp-content\/uploads\/2025\/12\/IMG-20250109-WA0014-1024x683.jpg\" class=\"attachment-large size-large wp-image-2054\" alt=\"\" srcset=\"https:\/\/animalpowers.fr\/wp-content\/uploads\/2025\/12\/IMG-20250109-WA0014-1024x683.jpg 1024w, https:\/\/animalpowers.fr\/wp-content\/uploads\/2025\/12\/IMG-20250109-WA0014-600x400.jpg 600w, https:\/\/animalpowers.fr\/wp-content\/uploads\/2025\/12\/IMG-20250109-WA0014-300x200.jpg 300w, https:\/\/animalpowers.fr\/wp-content\/uploads\/2025\/12\/IMG-20250109-WA0014-768x512.jpg 768w, https:\/\/animalpowers.fr\/wp-content\/uploads\/2025\/12\/IMG-20250109-WA0014-1536x1024.jpg 1536w, https:\/\/animalpowers.fr\/wp-content\/uploads\/2025\/12\/IMG-20250109-WA0014-770x514.jpg 770w, https:\/\/animalpowers.fr\/wp-content\/uploads\/2025\/12\/IMG-20250109-WA0014.jpg 1920w\" sizes=\"(max-width: 1024px) 100vw, 1024px\" \/>\t\t\t\t\t\t\t\t\t\t\t\t\t\t\t<\/div>\n\t\t\t\t<\/div>\n\t\t\t\t\t<\/div>\n\t\t<\/div>\n\t\t\t\t<div class=\"elementor-column elementor-col-50 elementor-inner-column elementor-element elementor-element-624e336\" data-id=\"624e336\" data-element_type=\"column\" data-e-type=\"column\">\n\t\t\t<div class=\"elementor-widget-wrap elementor-element-populated\">\n\t\t\t\t\t\t<div class=\"elementor-element elementor-element-ed6b26c elementor-widget elementor-widget-text-editor\" data-id=\"ed6b26c\" data-element_type=\"widget\" data-e-type=\"widget\" data-widget_type=\"text-editor.default\">\n\t\t\t\t<div class=\"elementor-widget-container\">\n\t\t\t\t\t\t\t\t\t<p><b>Pour qui est ce travail ?<\/b><\/p><ul><li>Pour celles et ceux qui sentent que quelque chose peut changer.<\/li><li>Pour celles et ceux qui cherchent leur place.<\/li><li>Pour celles et ceux qui portent trop.<\/li><li>Pour celles et ceux qui se retrouvent coinc\u00e9s dans la r\u00e9p\u00e9tition.<\/li><li>Pour celles et ceux qui sont pr\u00eats pour la clart\u00e9.<\/li><\/ul>\t\t\t\t\t\t\t\t<\/div>\n\t\t\t\t<\/div>\n\t\t\t\t\t<\/div>\n\t\t<\/div>\n\t\t\t\t\t<\/div>\n\t\t<\/section>\n\t\t\t\t<div class=\"elementor-element elementor-element-65062e0 elementor-widget elementor-widget-text-editor\" data-id=\"65062e0\" data-element_type=\"widget\" data-e-type=\"widget\" data-widget_type=\"text-editor.default\">\n\t\t\t\t<div class=\"elementor-widget-container\">\n\t\t\t\t\t\t\t\t\t<p><b>Ce que vous emportez avec vous<\/b><\/p><p>Une constellation avec les chevaux lib\u00e8re un ancien poids du syst\u00e8me.<br \/>Vous sentez \u00e0 nouveau une direction.Vous savez ce qui vous appartient et ce qui ne vous appartient pas.<\/p><p>Vous posez des choix align\u00e9s avec la mani\u00e8re dont vous souhaitez \u00eatre au monde.<br \/>Et vous d\u00e9couvrez que vous n\u2019avez pas \u00e0 porter cela seul(e).<br \/>Les animaux et la nature marchent avec vous.<\/p><p><b>Inscription<\/b><\/p><p>Vous pouvez vous inscrire \u00e0 une s\u00e9ance individuelle, \u00e0 une journ\u00e9e de constellations ou au parcours via le formulaire d\u2019inscription dans l\u2019agenda.<\/p><p>Faites-moi signe lorsque vous \u00eates pr\u00eat(e) \u00e0 mettre votre question en mouvement.<br \/>Je vous accompagnerai avec plaisir.<\/p>\t\t\t\t\t\t\t\t<\/div>\n\t\t\t\t<\/div>\n\t\t\t\t<div class=\"elementor-element elementor-element-858acc1 elementor-align-left elementor-widget elementor-widget-button\" data-id=\"858acc1\" data-element_type=\"widget\" data-e-type=\"widget\" data-widget_type=\"button.default\">\n\t\t\t\t<div class=\"elementor-widget-container\">\n\t\t\t\t\t\t\t\t\t<div class=\"elementor-button-wrapper\">\n\t\t\t\t\t<a class=\"elementor-button elementor-button-link elementor-size-sm\" href=\"#\">\n\t\t\t\t\t\t<span class=\"elementor-button-content-wrapper\">\n\t\t\t\t\t\t\t\t\t<span class=\"elementor-button-text\">Naar de agenda<\/span>\n\t\t\t\t\t<\/span>\n\t\t\t\t\t<\/a>\n\t\t\t\t<\/div>\n\t\t\t\t\t\t\t\t<\/div>\n\t\t\t\t<\/div>\n\t\t\t\t\t<\/div>\n\t\t<\/div>\n\t\t\t\t\t<\/div>\n\t\t<\/section>\n\t\t\t\t<\/div>\n\t\t","protected":false},"excerpt":{"rendered":"<p>Un regard clair sur ce qui se joue sous la surface Il arrive que quelque chose, dans la vie, ne fonctionne plus. Vous reconnaissez le sch\u00e9ma. Vous voyez les effets.Mais vous ne percevez pas o\u00f9 cela commence r\u00e9ellement. Vous vous retrouvez pris dans des r\u00e9p\u00e9titions dans les relations, les choix, les comportements, les \u00e9motions.Et au [&hellip;]<\/p>\n","protected":false},"author":1,"featured_media":0,"parent":0,"menu_order":0,"comment_status":"closed","ping_status":"closed","template":"","meta":{"footnotes":""},"class_list":["post-2143","page","type-page","status-publish","hentry"],"_links":{"self":[{"href":"https:\/\/animalpowers.fr\/wp-json\/wp\/v2\/pages\/2143","targetHints":{"allow":["GET"]}}],"collection":[{"href":"https:\/\/animalpowers.fr\/wp-json\/wp\/v2\/pages"}],"about":[{"href":"https:\/\/animalpowers.fr\/wp-json\/wp\/v2\/types\/page"}],"author":[{"embeddable":true,"href":"https:\/\/animalpowers.fr\/wp-json\/wp\/v2\/users\/1"}],"replies":[{"embeddable":true,"href":"https:\/\/animalpowers.fr\/wp-json\/wp\/v2\/comments?post=2143"}],"version-history":[{"count":4,"href":"https:\/\/animalpowers.fr\/wp-json\/wp\/v2\/pages\/2143\/revisions"}],"predecessor-version":[{"id":2182,"href":"https:\/\/animalpowers.fr\/wp-json\/wp\/v2\/pages\/2143\/revisions\/2182"}],"wp:attachment":[{"href":"https:\/\/animalpowers.fr\/wp-json\/wp\/v2\/media?parent=2143"}],"curies":[{"name":"wp","href":"https:\/\/api.w.org\/{rel}","templated":true}]}}