{"id":2073,"date":"2025-12-18T19:41:34","date_gmt":"2025-12-18T18:41:34","guid":{"rendered":"https:\/\/animalpowers.fr\/fr\/?page_id=2073"},"modified":"2026-03-04T15:21:56","modified_gmt":"2026-03-04T14:21:56","slug":"rencontre-chamanique-avec-les-esprits-de-la-nature","status":"publish","type":"page","link":"https:\/\/animalpowers.fr\/nl\/rencontre-chamanique-avec-les-esprits-de-la-nature\/","title":{"rendered":"Rencontre Chamanique avec les esprits de la nature"},"content":{"rendered":"\t\t<div data-elementor-type=\"wp-page\" data-elementor-id=\"2073\" class=\"elementor elementor-2073\">\n\t\t\t\t\t\t<section class=\"elementor-section elementor-top-section elementor-element elementor-element-c70a61c elementor-section-boxed elementor-section-height-default elementor-section-height-default\" data-id=\"c70a61c\" data-element_type=\"section\" data-e-type=\"section\">\n\t\t\t\t\t\t<div class=\"elementor-container elementor-column-gap-default\">\n\t\t\t\t\t<div class=\"elementor-column elementor-col-100 elementor-top-column elementor-element elementor-element-d3aef60\" data-id=\"d3aef60\" data-element_type=\"column\" data-e-type=\"column\">\n\t\t\t<div class=\"elementor-widget-wrap\">\n\t\t\t\t\t\t\t<\/div>\n\t\t<\/div>\n\t\t\t\t\t<\/div>\n\t\t<\/section>\n\t\t\t\t<section class=\"elementor-section elementor-top-section elementor-element elementor-element-e0bfbb3 elementor-section-boxed elementor-section-height-default elementor-section-height-default\" data-id=\"e0bfbb3\" data-element_type=\"section\" data-e-type=\"section\">\n\t\t\t\t\t\t<div class=\"elementor-container elementor-column-gap-default\">\n\t\t\t\t\t<div class=\"elementor-column elementor-col-33 elementor-top-column elementor-element elementor-element-916fd95\" data-id=\"916fd95\" data-element_type=\"column\" data-e-type=\"column\">\n\t\t\t<div class=\"elementor-widget-wrap elementor-element-populated\">\n\t\t\t\t\t\t<div class=\"elementor-element elementor-element-719dd4b elementor-widget elementor-widget-image\" data-id=\"719dd4b\" data-element_type=\"widget\" data-e-type=\"widget\" data-widget_type=\"image.default\">\n\t\t\t\t<div class=\"elementor-widget-container\">\n\t\t\t\t\t\t\t\t\t\t\t\t\t\t\t<img fetchpriority=\"high\" decoding=\"async\" width=\"424\" height=\"600\" src=\"https:\/\/animalpowers.fr\/wp-content\/uploads\/2025\/12\/WhatsApp-Image-2025-12-18-at-08.33.06-424x600.jpeg\" class=\"attachment-medium size-medium wp-image-2074\" alt=\"\" srcset=\"https:\/\/animalpowers.fr\/wp-content\/uploads\/2025\/12\/WhatsApp-Image-2025-12-18-at-08.33.06-424x600.jpeg 424w, https:\/\/animalpowers.fr\/wp-content\/uploads\/2025\/12\/WhatsApp-Image-2025-12-18-at-08.33.06-724x1024.jpeg 724w, https:\/\/animalpowers.fr\/wp-content\/uploads\/2025\/12\/WhatsApp-Image-2025-12-18-at-08.33.06-212x300.jpeg 212w, https:\/\/animalpowers.fr\/wp-content\/uploads\/2025\/12\/WhatsApp-Image-2025-12-18-at-08.33.06-768x1086.jpeg 768w, https:\/\/animalpowers.fr\/wp-content\/uploads\/2025\/12\/WhatsApp-Image-2025-12-18-at-08.33.06-1086x1536.jpeg 1086w, https:\/\/animalpowers.fr\/wp-content\/uploads\/2025\/12\/WhatsApp-Image-2025-12-18-at-08.33.06-600x849.jpeg 600w, https:\/\/animalpowers.fr\/wp-content\/uploads\/2025\/12\/WhatsApp-Image-2025-12-18-at-08.33.06.jpeg 1131w\" sizes=\"(max-width: 424px) 100vw, 424px\" \/>\t\t\t\t\t\t\t\t\t\t\t\t\t\t\t<\/div>\n\t\t\t\t<\/div>\n\t\t\t\t\t<\/div>\n\t\t<\/div>\n\t\t\t\t<div class=\"elementor-column elementor-col-33 elementor-top-column elementor-element elementor-element-2a6b373\" data-id=\"2a6b373\" data-element_type=\"column\" data-e-type=\"column\">\n\t\t\t<div class=\"elementor-widget-wrap elementor-element-populated\">\n\t\t\t\t\t\t<div class=\"elementor-element elementor-element-d944155 elementor-widget elementor-widget-text-editor\" data-id=\"d944155\" data-element_type=\"widget\" data-e-type=\"widget\" data-widget_type=\"text-editor.default\">\n\t\t\t\t<div class=\"elementor-widget-container\">\n\t\t\t\t\t\t\t\t\t<h1 style=\"mso-margin-top-alt:auto;mso-margin-bottom-alt:auto; line-height:normal\"><span lang=\"FR\" style=\"font-size: 12pt; font-family: &quot;Times New Roman&quot;, serif;\"><b>Revenir \u00e0 la nature, en soi et autour de soi<\/b><\/span><\/h1>\n<p style=\"mso-margin-top-alt:auto;mso-margin-bottom-alt:auto; line-height:normal\"><span lang=\"FR\" style=\"font-size:12.0pt;font-family:&quot;Times New Roman&quot;,serif; mso-fareast-font-family:&quot;Times New Roman&quot;;mso-font-kerning:0pt;mso-ligatures: none;mso-fareast-language:FR\">Il arrive que l\u2019on sente qu\u2019un autre mouvement int\u00e9rieur appelle.<br>Alors que le quotidien continue, que le mental reste occup\u00e9, quelque chose en nous cherche plus de silence, plus d\u2019espace, plus de v\u00e9rit\u00e9.<o:p><\/o:p><\/span><\/p>\n<p style=\"mso-margin-top-alt:auto;mso-margin-bottom-alt:auto; line-height:normal\"><span lang=\"FR\" style=\"font-size:12.0pt;font-family:&quot;Times New Roman&quot;,serif; mso-fareast-font-family:&quot;Times New Roman&quot;;mso-font-kerning:0pt;mso-ligatures: none;mso-fareast-language:FR\">Dans la vie moderne, beaucoup de personnes ont peu \u00e0 peu perdu le contact avec la nature.<br>Pas seulement avec les paysages ou les saisons, mais avec la nature int\u00e9rieure.<br>Cette part de nous qui sait ralentir, ressentir et s\u2019ajuster naturellement.<o:p><\/o:p><\/span><\/p>\n<p style=\"mso-margin-top-alt:auto;mso-margin-bottom-alt:auto; line-height:normal\"><span lang=\"FR\" style=\"font-size:12.0pt;font-family:&quot;Times New Roman&quot;,serif; mso-fareast-font-family:&quot;Times New Roman&quot;;mso-font-kerning:0pt;mso-ligatures: none;mso-fareast-language:FR\">Les Rencontres Chamaniques sont une invitation \u00e0 renouer avec ce lien.<o:p><\/o:p><\/span><\/p><p style=\"mso-margin-top-alt:auto;mso-margin-bottom-alt:auto; line-height:normal\"><span lang=\"FR\" style=\"font-size:12.0pt;font-family:&quot;Times New Roman&quot;,serif; mso-fareast-font-family:&quot;Times New Roman&quot;;mso-font-kerning:0pt;mso-ligatures: none;mso-fareast-language:FR\">La soir\u00e9e commence simplement. Prendre place, laisser le corps arriver, d\u00e9poser ce qui p\u00e8se encore de la journ\u00e9e. La respiration aide \u00e0 se poser, \u00e0 sentir le contact avec le sol, \u00e0 revenir ici.<\/span><\/p>\n<p style=\"mso-margin-top-alt:auto;mso-margin-bottom-alt:auto; line-height:normal\"><br><\/p>\t\t\t\t\t\t\t\t<\/div>\n\t\t\t\t<\/div>\n\t\t\t\t\t<\/div>\n\t\t<\/div>\n\t\t\t\t<div class=\"elementor-column elementor-col-33 elementor-top-column elementor-element elementor-element-fbecae7\" data-id=\"fbecae7\" data-element_type=\"column\" data-e-type=\"column\">\n\t\t\t<div class=\"elementor-widget-wrap\">\n\t\t\t\t\t\t\t<\/div>\n\t\t<\/div>\n\t\t\t\t\t<\/div>\n\t\t<\/section>\n\t\t\t\t<section class=\"elementor-section elementor-top-section elementor-element elementor-element-f3613b0 elementor-section-boxed elementor-section-height-default elementor-section-height-default\" data-id=\"f3613b0\" data-element_type=\"section\" data-e-type=\"section\">\n\t\t\t\t\t\t<div class=\"elementor-container elementor-column-gap-default\">\n\t\t\t\t\t<div class=\"elementor-column elementor-col-100 elementor-top-column elementor-element elementor-element-3649a03\" data-id=\"3649a03\" data-element_type=\"column\" data-e-type=\"column\">\n\t\t\t<div class=\"elementor-widget-wrap elementor-element-populated\">\n\t\t\t\t\t\t<div class=\"elementor-element elementor-element-a061d7d elementor-widget elementor-widget-text-editor\" data-id=\"a061d7d\" data-element_type=\"widget\" data-e-type=\"widget\" data-widget_type=\"text-editor.default\">\n\t\t\t\t<div class=\"elementor-widget-container\">\n\t\t\t\t\t\t\t\t\t<p style=\"line-height: normal;\"><span style=\"font-family: 'Times New Roman', serif; font-size: 12pt;\">Puis le rythme du tambour s\u2019installe.<br><\/span><span style=\"font-family: 'Times New Roman', serif; font-size: 12pt;\">Il soutient un \u00e9tat de pr\u00e9sence plus vaste, proche de la m\u00e9ditation, o\u00f9 le mental se calme et o\u00f9 l\u2019\u00e9coute devient plus fine.<br><\/span><span style=\"font-family: 'Times New Roman', serif; font-size: 12pt;\">Le corps se d\u00e9tend. La nature int\u00e9rieure peut \u00e0 nouveau se faire entendre.<\/span><\/p>\n<p style=\"line-height: normal;\"><span lang=\"FR\" style=\"font-size: 12pt; font-family: 'Times New Roman', serif;\">Dans cet espace, quelque chose se montre parfois.<br>Une image, un animal, une sensation, un ressenti, un insight.<br>Rien \u00e0 chercher. Rien \u00e0 provoquer.<br>Ce qui se pr\u00e9sente est souvent simple, discret, mais juste.<\/span><\/p>\n<p style=\"line-height: normal;\"><span lang=\"FR\" style=\"font-size: 12pt; font-family: 'Times New Roman', serif;\">Peu \u00e0 peu, le voyage int\u00e9rieur se referme.<br>Un temps est laiss\u00e9 pour int\u00e9grer, retrouver ses rep\u00e8res, revenir pleinement.<br>Repartir ancr\u00e9, pr\u00e9sent, clair.<\/span><\/p>\n<p style=\"line-height: normal;\"><span lang=\"FR\" style=\"font-size: 12pt; font-family: 'Times New Roman', serif;\">Ce que l\u2019on vit pendant la Rencontre Chamanique<br>ne reste pas enferm\u00e9 dans la soir\u00e9e.<br>Beaucoup de personnes remarquent qu\u2019ensuite, le lien avec la nature autour d\u2019elles devient plus vivant.<br>Marcher, \u00e9couter, observer.<br>Le vent, la lumi\u00e8re, le silence sont per\u00e7us autrement.<\/span><\/p>\n<p style=\"line-height: normal;\"><span lang=\"FR\" style=\"font-size: 12pt; font-family: 'Times New Roman', serif;\">Comme si, en retrouvant la nature en soi, le<br>contact avec la nature ext\u00e9rieure se rouvrait naturellement.<\/span><\/p>\n<p style=\"line-height: normal;\"><span lang=\"FR\" style=\"font-size: 12pt; font-family: 'Times New Roman', serif;\">Les Rencontres Chamaniques sont guid\u00e9es par&nbsp;<span style=\"font-weight: bold;\">Maria Schuitemaker et Agnes Waaijers<\/span>, dans une pr\u00e9sence sobre, attentive et ancr\u00e9e.<br>Il ne s\u2019agit pas d\u2019expliquer ni d\u2019analyser, mais d\u2019offrir un espace d\u2019exp\u00e9rience directe, simple et profond\u00e9ment humain.<\/span><\/p>\n<p style=\"line-height: normal;\"><span lang=\"FR\" style=\"font-size: 12pt; font-family: 'Times New Roman', serif;\">Tu n\u2019as pas besoin d\u2019exp\u00e9rience pr\u00e9alable.<br>Tu viens comme tu es.<br>Cela suffit.<\/span><\/p>\n<p style=\"line-height: normal;\"><b><span lang=\"FR\" style=\"font-size: 13.5pt; font-family: 'Times New Roman',serif; mso-fareast-font-family: 'Times New Roman'; mso-font-kerning: 0pt; mso-ligatures: none; mso-fareast-language: FR;\">Informations pratiques<\/span><\/b><\/p>\n<p style=\"mso-margin-top-alt: auto; mso-margin-bottom-alt: auto; line-height: normal;\"><b><span lang=\"FR\" style=\"font-size: 12.0pt; font-family: 'Times New Roman',serif; mso-fareast-font-family: 'Times New Roman'; mso-font-kerning: 0pt; mso-ligatures: none; mso-fareast-language: FR;\">Date:&nbsp;<\/span><\/b><span lang=\"FR\" style=\"font-size: 12.0pt; font-family: 'Times New Roman',serif; mso-fareast-font-family: 'Times New Roman'; mso-font-kerning: 0pt; mso-ligatures: none; mso-fareast-language: FR;\">Samedi 24 janvier 2026<br><\/span><b><span lang=\"FR\" style=\"font-size: 12.0pt; font-family: 'Times New Roman',serif; mso-fareast-font-family: 'Times New Roman'; mso-font-kerning: 0pt; mso-ligatures: none; mso-fareast-language: FR;\">Horaire:&nbsp;<\/span><\/b><span style=\"font-family: 'Times New Roman', serif; font-size: 12pt;\">19h30 \u2013 21h30<br><\/span><b><span lang=\"FR\" style=\"font-size: 12.0pt; font-family: 'Times New Roman',serif; mso-fareast-font-family: 'Times New Roman'; mso-font-kerning: 0pt; mso-ligatures: none; mso-fareast-language: FR;\">Participation:&nbsp;<\/span><\/b><span style=\"font-family: 'Times New Roman', serif; font-size: 12pt;\">20 \u20ac<br><\/span><span lang=\"FR\" style=\"font-size: 12pt; font-family: 'Times New Roman', serif;\"><b>Lieu:&nbsp;<\/b><\/span><span style=\"font-family: 'Times New Roman', serif; font-size: 12pt;\">Centre de Plein Conscience&nbsp;<br><\/span><span style=\"font-family: 'Times New Roman', serif; font-size: 12pt;\">20, Rue de Fr\u00e8res Voisin<br><\/span><span style=\"font-family: 'Times New Roman', serif; font-size: 12pt;\">Perpignan|<br><\/span><b><span lang=\"FR\" style=\"font-size: 12.0pt; font-family: 'Times New Roman',serif; mso-fareast-font-family: 'Times New Roman'; mso-font-kerning: 0pt; mso-ligatures: none; mso-fareast-language: FR;\">Inscription:&nbsp;<\/span><\/b><span style=\"font-family: 'Times New Roman', serif; font-size: 12pt;\">Par t\u00e9l\u00e9phone au +33 6 24 59 12 83<\/span><\/p>\t\t\t\t\t\t\t\t<\/div>\n\t\t\t\t<\/div>\n\t\t\t\t\t<\/div>\n\t\t<\/div>\n\t\t\t\t\t<\/div>\n\t\t<\/section>\n\t\t\t\t<\/div>\n\t\t","protected":false},"excerpt":{"rendered":"<p>Revenir \u00e0 la nature, en soi et autour de soi Il arrive que l\u2019on sente qu\u2019un autre mouvement int\u00e9rieur appelle.Alors que le quotidien continue, que le mental reste occup\u00e9, quelque chose en nous cherche plus de silence, plus d\u2019espace, plus de v\u00e9rit\u00e9. Dans la vie moderne, beaucoup de personnes ont peu \u00e0 peu perdu le [&hellip;]<\/p>\n","protected":false},"author":1,"featured_media":0,"parent":0,"menu_order":0,"comment_status":"closed","ping_status":"closed","template":"","meta":{"footnotes":""},"class_list":["post-2073","page","type-page","status-publish","hentry"],"_links":{"self":[{"href":"https:\/\/animalpowers.fr\/wp-json\/wp\/v2\/pages\/2073","targetHints":{"allow":["GET"]}}],"collection":[{"href":"https:\/\/animalpowers.fr\/wp-json\/wp\/v2\/pages"}],"about":[{"href":"https:\/\/animalpowers.fr\/wp-json\/wp\/v2\/types\/page"}],"author":[{"embeddable":true,"href":"https:\/\/animalpowers.fr\/wp-json\/wp\/v2\/users\/1"}],"replies":[{"embeddable":true,"href":"https:\/\/animalpowers.fr\/wp-json\/wp\/v2\/comments?post=2073"}],"version-history":[{"count":6,"href":"https:\/\/animalpowers.fr\/wp-json\/wp\/v2\/pages\/2073\/revisions"}],"predecessor-version":[{"id":2120,"href":"https:\/\/animalpowers.fr\/wp-json\/wp\/v2\/pages\/2073\/revisions\/2120"}],"wp:attachment":[{"href":"https:\/\/animalpowers.fr\/wp-json\/wp\/v2\/media?parent=2073"}],"curies":[{"name":"wp","href":"https:\/\/api.w.org\/{rel}","templated":true}]}}