{"id":2145,"date":"2026-03-04T15:30:48","date_gmt":"2026-03-04T14:30:48","guid":{"rendered":"https:\/\/animalpowers.fr\/?page_id=2145"},"modified":"2026-03-06T09:41:35","modified_gmt":"2026-03-06T08:41:35","slug":"animalpowers","status":"publish","type":"page","link":"https:\/\/animalpowers.fr\/fr\/animalpowers\/","title":{"rendered":"Animalpowers"},"content":{"rendered":"\t\t<div data-elementor-type=\"wp-page\" data-elementor-id=\"2145\" class=\"elementor elementor-2145\">\n\t\t\t\t\t\t<section class=\"elementor-section elementor-top-section elementor-element elementor-element-db11359 elementor-section-boxed elementor-section-height-default elementor-section-height-default\" data-id=\"db11359\" data-element_type=\"section\" data-e-type=\"section\">\n\t\t\t\t\t\t<div class=\"elementor-container elementor-column-gap-default\">\n\t\t\t\t\t<div class=\"elementor-column elementor-col-100 elementor-top-column elementor-element elementor-element-e3b73be\" data-id=\"e3b73be\" data-element_type=\"column\" data-e-type=\"column\">\n\t\t\t<div class=\"elementor-widget-wrap elementor-element-populated\">\n\t\t\t\t\t\t<div class=\"elementor-element elementor-element-87286da elementor-widget elementor-widget-heading\" data-id=\"87286da\" data-element_type=\"widget\" data-e-type=\"widget\" data-widget_type=\"heading.default\">\n\t\t\t\t<div class=\"elementor-widget-container\">\n\t\t\t\t\t<h1 class=\"elementor-heading-title elementor-size-default\">L\u2019espace o\u00f9 vous, votre animal et la nature retrouvez une connexion vivante et juste.<\/h1>\t\t\t\t<\/div>\n\t\t\t\t<\/div>\n\t\t\t\t\t<\/div>\n\t\t<\/div>\n\t\t\t\t\t<\/div>\n\t\t<\/section>\n\t\t\t\t<section class=\"elementor-section elementor-top-section elementor-element elementor-element-a8e5b4c elementor-section-boxed elementor-section-height-default elementor-section-height-default\" data-id=\"a8e5b4c\" data-element_type=\"section\" data-e-type=\"section\">\n\t\t\t\t\t\t<div class=\"elementor-container elementor-column-gap-default\">\n\t\t\t\t\t<div class=\"elementor-column elementor-col-100 elementor-top-column elementor-element elementor-element-4d05d36\" data-id=\"4d05d36\" data-element_type=\"column\" data-e-type=\"column\">\n\t\t\t<div class=\"elementor-widget-wrap elementor-element-populated\">\n\t\t\t\t\t\t<div class=\"elementor-element elementor-element-68389de elementor-widget elementor-widget-text-editor\" data-id=\"68389de\" data-element_type=\"widget\" data-e-type=\"widget\" data-widget_type=\"text-editor.default\">\n\t\t\t\t<div class=\"elementor-widget-container\">\n\t\t\t\t\t\t\t\t\t<p>Animalpowers vous ram\u00e8ne \u00e0 l\u2019essentiel.<br \/>Sans d\u00e9tour.<br \/>Sans complexit\u00e9 inutile.<br \/>Avec profondeur, clart\u00e9 et des outils directement applicables dans votre vie quotidienne.<\/p><p>Ici, vous d\u00e9couvrez ce que votre animal cherche \u00e0 vous dire, l\u00e0 o\u00f9 vous \u00eates bloqu\u00e9, et quelle direction souhaite \u00e9merger pour vous deux.<br \/>Vous faites l\u2019exp\u00e9rience de la fa\u00e7on dont les animaux et la nature r\u00e9activent votre boussole int\u00e9rieure, afin que la vie recommence \u00e0 faire sens.<\/p>\t\t\t\t\t\t\t\t<\/div>\n\t\t\t\t<\/div>\n\t\t\t\t\t<\/div>\n\t\t<\/div>\n\t\t\t\t\t<\/div>\n\t\t<\/section>\n\t\t\t\t<section class=\"elementor-section elementor-top-section elementor-element elementor-element-47c4e4e elementor-section-boxed elementor-section-height-default elementor-section-height-default\" data-id=\"47c4e4e\" data-element_type=\"section\" data-e-type=\"section\">\n\t\t\t\t\t\t<div class=\"elementor-container elementor-column-gap-default\">\n\t\t\t\t\t<div class=\"elementor-column elementor-col-50 elementor-top-column elementor-element elementor-element-7297892\" data-id=\"7297892\" data-element_type=\"column\" data-e-type=\"column\">\n\t\t\t<div class=\"elementor-widget-wrap elementor-element-populated\">\n\t\t\t\t\t\t<div class=\"elementor-element elementor-element-4531801 elementor-widget elementor-widget-image\" data-id=\"4531801\" data-element_type=\"widget\" data-e-type=\"widget\" data-widget_type=\"image.default\">\n\t\t\t\t<div class=\"elementor-widget-container\">\n\t\t\t\t\t\t\t\t\t\t\t\t\t\t\t<img fetchpriority=\"high\" decoding=\"async\" width=\"400\" height=\"600\" src=\"https:\/\/animalpowers.fr\/wp-content\/uploads\/2025\/12\/DSCF6082-10-400x600.jpg\" class=\"attachment-medium size-medium wp-image-2025\" alt=\"\" srcset=\"https:\/\/animalpowers.fr\/wp-content\/uploads\/2025\/12\/DSCF6082-10-400x600.jpg 400w, https:\/\/animalpowers.fr\/wp-content\/uploads\/2025\/12\/DSCF6082-10-683x1024.jpg 683w, https:\/\/animalpowers.fr\/wp-content\/uploads\/2025\/12\/DSCF6082-10-200x300.jpg 200w, https:\/\/animalpowers.fr\/wp-content\/uploads\/2025\/12\/DSCF6082-10-768x1152.jpg 768w, https:\/\/animalpowers.fr\/wp-content\/uploads\/2025\/12\/DSCF6082-10-1024x1536.jpg 1024w, https:\/\/animalpowers.fr\/wp-content\/uploads\/2025\/12\/DSCF6082-10-1365x2048.jpg 1365w, https:\/\/animalpowers.fr\/wp-content\/uploads\/2025\/12\/DSCF6082-10-600x900.jpg 600w, https:\/\/animalpowers.fr\/wp-content\/uploads\/2025\/12\/DSCF6082-10-scaled.jpg 1706w\" sizes=\"(max-width: 400px) 100vw, 400px\" \/>\t\t\t\t\t\t\t\t\t\t\t\t\t\t\t<\/div>\n\t\t\t\t<\/div>\n\t\t\t\t\t<\/div>\n\t\t<\/div>\n\t\t\t\t<div class=\"elementor-column elementor-col-50 elementor-top-column elementor-element elementor-element-bc0fff9\" data-id=\"bc0fff9\" data-element_type=\"column\" data-e-type=\"column\">\n\t\t\t<div class=\"elementor-widget-wrap elementor-element-populated\">\n\t\t\t\t\t\t<div class=\"elementor-element elementor-element-1ec9fc8 elementor-widget elementor-widget-heading\" data-id=\"1ec9fc8\" data-element_type=\"widget\" data-e-type=\"widget\" data-widget_type=\"heading.default\">\n\t\t\t\t<div class=\"elementor-widget-container\">\n\t\t\t\t\t<h2 class=\"elementor-heading-title elementor-size-default\">Ce que vous trouverez chez Animalpowers<\/h2>\t\t\t\t<\/div>\n\t\t\t\t<\/div>\n\t\t\t\t<div class=\"elementor-element elementor-element-4fa523c elementor-widget elementor-widget-text-editor\" data-id=\"4fa523c\" data-element_type=\"widget\" data-e-type=\"widget\" data-widget_type=\"text-editor.default\">\n\t\t\t\t<div class=\"elementor-widget-container\">\n\t\t\t\t\t\t\t\t\t<p>\u2022 des consults t\u00e9l\u00e9pathiques avec les animaux<br \/>\u2022 des constellations syst\u00e9miques avec les chevaux<br \/>\u2022 du coaching avec les chevaux<br \/>\u2022 des lectures chakra-animales<br \/>\u2022 des retraites dans la nature<br \/>\u2022 la rencontre chamanique mensuelle (voyage de transe)<br \/>\u2022 le livre et le jeu de cartes autour de la sagesse animale<\/p><p>Le nom Animalpowers n\u2019est pas un hasard.<br \/>Les animaux portent des qualit\u00e9s que nous avons souvent perdues en chemin. En travaillant avec eux, vous r\u00e9activez votre force originelle.<br \/><br \/>Vous ressentez \u00e0 nouveau ce qui est juste.<br \/>Vous posez des choix align\u00e9s avec qui vous \u00eates vraiment.<br \/>Beaucoup de personnes se sentent perdues ou seules lorsqu\u2019elles perdent le lien avec la nature.<br \/>Mais d\u00e8s que le contact avec les animaux et la nature se r\u00e9tablit, le chemin vers soi devient \u00e9tonnamment clair.<\/p>\t\t\t\t\t\t\t\t<\/div>\n\t\t\t\t<\/div>\n\t\t\t\t\t<\/div>\n\t\t<\/div>\n\t\t\t\t\t<\/div>\n\t\t<\/section>\n\t\t\t\t<section class=\"elementor-section elementor-top-section elementor-element elementor-element-97d3174 elementor-section-boxed elementor-section-height-default elementor-section-height-default\" data-id=\"97d3174\" data-element_type=\"section\" data-e-type=\"section\">\n\t\t\t\t\t\t<div class=\"elementor-container elementor-column-gap-default\">\n\t\t\t\t\t<div class=\"elementor-column elementor-col-100 elementor-top-column elementor-element elementor-element-36fd602\" data-id=\"36fd602\" data-element_type=\"column\" data-e-type=\"column\">\n\t\t\t<div class=\"elementor-widget-wrap elementor-element-populated\">\n\t\t\t\t\t\t<div class=\"elementor-element elementor-element-25fdd71 elementor-widget elementor-widget-heading\" data-id=\"25fdd71\" data-element_type=\"widget\" data-e-type=\"widget\" data-widget_type=\"heading.default\">\n\t\t\t\t<div class=\"elementor-widget-container\">\n\t\t\t\t\t<h2 class=\"elementor-heading-title elementor-size-default\">Pourquoi vous \u00eates ici<\/h2>\t\t\t\t<\/div>\n\t\t\t\t<\/div>\n\t\t\t\t<div class=\"elementor-element elementor-element-b2eabc2 elementor-widget elementor-widget-text-editor\" data-id=\"b2eabc2\" data-element_type=\"widget\" data-e-type=\"widget\" data-widget_type=\"text-editor.default\">\n\t\t\t\t<div class=\"elementor-widget-container\">\n\t\t\t\t\t\t\t\t\t<p>Vous \u00eates ici parce que quelque chose, dans votre vie, ne circule plus comme avant.<br \/>Vous vous sentez fatigu\u00e9(e), tendu(e) ou agit\u00e9(e), sans toujours comprendre pourquoi.<br \/>Peut-\u00eatre observez-vous un comportement chez votre animal qui vous interroge.<br \/>Peut-\u00eatre passez-vous beaucoup de temps \u00e0 analyser, r\u00e9fl\u00e9chir, douter, sans parvenir \u00e0 une vraie clart\u00e9.<br \/>Peut-\u00eatre avez-vous perdu le contact avec votre direction int\u00e9rieure et votre \u00e9nergie.<br \/>Ce que vous cherchez avant tout, c\u2019est :<br \/>de la simplicit\u00e9,<br \/>de la clart\u00e9,<br \/>et du calme dans l\u2019ici et maintenant.<br \/>Vous voulez comprendre ce qui se joue r\u00e9ellement.<br \/>Et surtout, sentir comment un changement peut d\u00e9j\u00e0 s\u2019op\u00e9rer aujourd\u2019hui.<\/p>\t\t\t\t\t\t\t\t<\/div>\n\t\t\t\t<\/div>\n\t\t\t\t<div class=\"elementor-element elementor-element-b36526d elementor-widget elementor-widget-heading\" data-id=\"b36526d\" data-element_type=\"widget\" data-e-type=\"widget\" data-widget_type=\"heading.default\">\n\t\t\t\t<div class=\"elementor-widget-container\">\n\t\t\t\t\t<h2 class=\"elementor-heading-title elementor-size-default\"><br>Ce que Animalpowers peut vous apporter<\/h2>\t\t\t\t<\/div>\n\t\t\t\t<\/div>\n\t\t\t\t\t<\/div>\n\t\t<\/div>\n\t\t\t\t\t<\/div>\n\t\t<\/section>\n\t\t\t\t<section class=\"elementor-section elementor-top-section elementor-element elementor-element-3e40ecc elementor-section-boxed elementor-section-height-default elementor-section-height-default\" data-id=\"3e40ecc\" data-element_type=\"section\" data-e-type=\"section\">\n\t\t\t\t\t\t<div class=\"elementor-container elementor-column-gap-default\">\n\t\t\t\t\t<div class=\"elementor-column elementor-col-100 elementor-top-column elementor-element elementor-element-b100c46\" data-id=\"b100c46\" data-element_type=\"column\" data-e-type=\"column\">\n\t\t\t<div class=\"elementor-widget-wrap elementor-element-populated\">\n\t\t\t\t\t\t<div class=\"elementor-element elementor-element-87b2140 elementor-widget elementor-widget-text-editor\" data-id=\"87b2140\" data-element_type=\"widget\" data-e-type=\"widget\" data-widget_type=\"text-editor.default\">\n\t\t\t\t<div class=\"elementor-widget-container\">\n\t\t\t\t\t\t\t\t\t<p><b>Consult t\u00e9l\u00e9pathique avec les animaux \u2013 <a href=\"https:\/\/animalpowers.fr\/fr\/communiquer-avec-les-animaux\/\">Parler avec les animaux<\/a><\/b><br \/>Vous recevez des r\u00e9ponses claires \u00e0 vos questions.<br \/>Vous comprenez ce dont votre animal a besoin et ce qui se joue sur les plans physique, \u00e9motionnel ou syst\u00e9mique.<br \/>Les insights sont concrets, compr\u00e9hensibles et utilisables dans votre quotidien.<\/p><p><a href=\"https:\/\/animalpowers.fr\/fr\/lecture-chakra-animale\/\"><b>Lecture chakra-animale<\/b><\/a><br \/>Vous d\u00e9couvrez quels animaux sont pr\u00e9sents dans vos chakras et quelles qualit\u00e9s ils activent.<br \/>Cette lecture apporte direction, confiance et focalisation.<\/p><p><b><a href=\"https:\/\/animalpowers.fr\/fr\/constellations-avec-les-chevaux\/\">Constellations avec les chevaux \u2013 en pr\u00e9sentiel et en ligne<\/a><br \/><\/b>Les chevaux refl\u00e8tent sans jugement.<br \/>Ils montrent avec une grande pr\u00e9cision ce qui circule et ce qui est bloqu\u00e9.<br \/>Une constellation rend visible le mouvement n\u00e9cessaire, pour vous et pour votre syst\u00e8me.<br \/>M\u00eame en ligne, ces s\u00e9ances agissent avec profondeur et justesse.<\/p><p><b><a href=\"https:\/\/animalpowers.fr\/nl\/rencontre-chamanique-avec-les-esprits-de-la-nature\/\">Rencontre chamanique \u2013 voyage de transe mensuel<\/a><br \/><\/b>Lors de cette soir\u00e9e, la nature, le tambour, la respiration et le silence vous aident \u00e0 \u00e9couter plus profond\u00e9ment.<br \/>Vous rencontrez des animaux et des \u00e9l\u00e9ments naturels et recevez exactement le message dont vous avez besoin \u00e0 ce moment-l\u00e0.<\/p><p><b>Retraites dans les Pyr\u00e9n\u00e9es fran\u00e7aises<br \/><\/b>Pendant une semaine en montagne, vous revenez \u00e0 la simplicit\u00e9, au silence et \u00e0 votre vraie nature.<br \/>Le programme comprend le travail avec les chevaux, la marche, des rituels avec les \u00e9l\u00e9ments et l\u2019int\u00e9gration dans la nature.<\/p><p><b><a href=\"https:\/\/animalpowers.fr\/fr\/dierenwijsheid-le-livre-le-set-de-cartes\/\">Livre &amp; jeu de cartes Dierenwijsheid<\/a><br \/><\/b>Le livre et le jeu de cartes sont destin\u00e9s \u00e0 toutes celles et ceux qui souhaitent apprendre des animaux.<br \/>Ils sont pratiques, inspirants et con\u00e7us pour un usage quotidien.<\/p><p>Toutes les dates et les inscriptions se trouvent en un seul endroit.<\/p><p><b>Voir l\u2019agenda et s\u2019inscrire<\/b><\/p><div>________________________________________<\/div>\t\t\t\t\t\t\t\t<\/div>\n\t\t\t\t<\/div>\n\t\t\t\t<div class=\"elementor-element elementor-element-452b8c6 elementor-widget elementor-widget-heading\" data-id=\"452b8c6\" data-element_type=\"widget\" data-e-type=\"widget\" data-widget_type=\"heading.default\">\n\t\t\t\t<div class=\"elementor-widget-container\">\n\t\t\t\t\t<h2 class=\"elementor-heading-title elementor-size-default\">Pourquoi Animalpowers fonctionne<\/h2>\t\t\t\t<\/div>\n\t\t\t\t<\/div>\n\t\t\t\t<div class=\"elementor-element elementor-element-c0d8a8c elementor-widget elementor-widget-text-editor\" data-id=\"c0d8a8c\" data-element_type=\"widget\" data-e-type=\"widget\" data-widget_type=\"text-editor.default\">\n\t\t\t\t<div class=\"elementor-widget-container\">\n\t\t\t\t\t\t\t\t\t<p>Les animaux et la nature sont d\u00e9pourvus de bruit int\u00e9rieur.<br \/>Ils ne portent ni jugement, ni agenda, ni histoires qui se glissent entre vous.<br \/>Ils r\u00e9agissent directement \u00e0 la r\u00e9alit\u00e9 et \u00e0 l\u2019\u00e9nergie, et r\u00e9v\u00e8lent ainsi avec clart\u00e9 votre direction.<br \/>Le contact avec les animaux et la nature vous ram\u00e8ne \u00e0 votre essence, \u00e0 la simplicit\u00e9, et \u00e0 cet espace en vous qui sait.<br \/>Chez Animalpowers, il ne s\u2019agit pas de fouiller ind\u00e9finiment le pass\u00e9.<br \/>Il s\u2019agit de devenir clair dans l\u2019instant, afin de pouvoir poser un mouvement juste, d\u00e8s aujourd\u2019hui.<\/p>\t\t\t\t\t\t\t\t<\/div>\n\t\t\t\t<\/div>\n\t\t\t\t<div class=\"elementor-element elementor-element-6c8a232 elementor-widget-divider--separator-type-pattern elementor-widget-divider--view-line elementor-widget elementor-widget-divider\" data-id=\"6c8a232\" data-element_type=\"widget\" data-e-type=\"widget\" data-widget_type=\"divider.default\">\n\t\t\t\t<div class=\"elementor-widget-container\">\n\t\t\t\t\t\t\t<div class=\"elementor-divider\" style=\"--divider-pattern-url: url(&quot;data:image\/svg+xml,%3Csvg xmlns=&#039;http:\/\/www.w3.org\/2000\/svg&#039; preserveAspectRatio=&#039;none&#039; overflow=&#039;visible&#039; height=&#039;100%&#039; viewBox=&#039;0 0 24 24&#039; fill=&#039;black&#039; stroke=&#039;none&#039;%3E%3Cpolygon points=&#039;9.4,2 24,2 14.6,21.6 0,21.6&#039;\/%3E%3C\/svg%3E&quot;);\">\n\t\t\t<span class=\"elementor-divider-separator\">\n\t\t\t\t\t\t<\/span>\n\t\t<\/div>\n\t\t\t\t\t\t<\/div>\n\t\t\t\t<\/div>\n\t\t\t\t\t<\/div>\n\t\t<\/div>\n\t\t\t\t\t<\/div>\n\t\t<\/section>\n\t\t\t\t<section class=\"elementor-section elementor-top-section elementor-element elementor-element-5a72709 elementor-section-boxed elementor-section-height-default elementor-section-height-default\" data-id=\"5a72709\" data-element_type=\"section\" data-e-type=\"section\">\n\t\t\t\t\t\t<div class=\"elementor-container elementor-column-gap-default\">\n\t\t\t\t\t<div class=\"elementor-column elementor-col-50 elementor-top-column elementor-element elementor-element-cdb8036\" data-id=\"cdb8036\" data-element_type=\"column\" data-e-type=\"column\">\n\t\t\t<div class=\"elementor-widget-wrap elementor-element-populated\">\n\t\t\t\t\t\t<div class=\"elementor-element elementor-element-774132a elementor-widget elementor-widget-image\" data-id=\"774132a\" data-element_type=\"widget\" data-e-type=\"widget\" data-widget_type=\"image.default\">\n\t\t\t\t<div class=\"elementor-widget-container\">\n\t\t\t\t\t\t\t\t\t\t\t\t\t\t\t<img decoding=\"async\" width=\"200\" height=\"300\" src=\"https:\/\/animalpowers.fr\/wp-content\/uploads\/2025\/12\/IMG-20250109-WA0002-200x300.jpg\" class=\"attachment-thumbnail size-thumbnail wp-image-2042\" alt=\"\" srcset=\"https:\/\/animalpowers.fr\/wp-content\/uploads\/2025\/12\/IMG-20250109-WA0002-200x300.jpg 200w, https:\/\/animalpowers.fr\/wp-content\/uploads\/2025\/12\/IMG-20250109-WA0002-400x600.jpg 400w, https:\/\/animalpowers.fr\/wp-content\/uploads\/2025\/12\/IMG-20250109-WA0002-683x1024.jpg 683w, https:\/\/animalpowers.fr\/wp-content\/uploads\/2025\/12\/IMG-20250109-WA0002-768x1152.jpg 768w, https:\/\/animalpowers.fr\/wp-content\/uploads\/2025\/12\/IMG-20250109-WA0002-1024x1536.jpg 1024w, https:\/\/animalpowers.fr\/wp-content\/uploads\/2025\/12\/IMG-20250109-WA0002-600x900.jpg 600w, https:\/\/animalpowers.fr\/wp-content\/uploads\/2025\/12\/IMG-20250109-WA0002.jpg 1280w\" sizes=\"(max-width: 200px) 100vw, 200px\" \/>\t\t\t\t\t\t\t\t\t\t\t\t\t\t\t<\/div>\n\t\t\t\t<\/div>\n\t\t\t\t\t<\/div>\n\t\t<\/div>\n\t\t\t\t<div class=\"elementor-column elementor-col-50 elementor-top-column elementor-element elementor-element-d5a9bad\" data-id=\"d5a9bad\" data-element_type=\"column\" data-e-type=\"column\">\n\t\t\t<div class=\"elementor-widget-wrap elementor-element-populated\">\n\t\t\t\t\t\t<div class=\"elementor-element elementor-element-60d9320 elementor-widget elementor-widget-text-editor\" data-id=\"60d9320\" data-element_type=\"widget\" data-e-type=\"widget\" data-widget_type=\"text-editor.default\">\n\t\t\t\t<div class=\"elementor-widget-container\">\n\t\t\t\t\t\t\t\t\t<p style=\"line-height: normal; margin: 12.0pt 0cm 12.0pt 0cm;\"><b><a href=\"https:\/\/animalpowers.fr\/fr\/a-propos\/\">\u00c0 propos d\u2019Agn\u00e8s<\/a> &#8211;\u00a0<\/b><b><span lang=\"FR\" style=\"font-size: 12.0pt; font-family: 'Times New Roman',serif; mso-fareast-font-family: 'Times New Roman'; mso-font-kerning: 0pt; mso-ligatures: none; mso-fareast-language: FR;\">Nature Power Coach &amp; communicatrice animale<\/span><\/b><\/p><p style=\"line-height: normal; margin: 12.0pt 0cm 12.0pt 0cm;\">J\u2019ai grandi en ville, mais j\u2019ai toujours ressenti un lien profond avec les animaux. Comme beaucoup, j\u2019ai pourtant perdu le contact avec ma propre nature.<\/p><p>Pendant longtemps, je ne savais plus vraiment o\u00f9 \u00e9tait ma place.<br \/>Il y a vingt ans, j\u2019ai choisi de m\u2019installer dans les Pyr\u00e9n\u00e9es fran\u00e7aises.<\/p><p>Dans les montagnes, j\u2019ai retrouv\u00e9 le silence.<br \/>La magie que j\u2019avais perdue.<br \/>Et la connexion avec moi-m\u00eame.<\/p><p>Les animaux m\u2019ont appris \u00e0 regarder sans juger.<br \/>La nature m\u2019a appris \u00e0 ralentir.<br \/>Les montagnes m\u2019ont appris \u00e0 faire confiance \u00e0 ma boussole int\u00e9rieure.<\/p><p>Ces exp\u00e9riences forment aujourd\u2019hui la base de mon travail :<br \/>clair, simple, profond<br \/>et toujours ancr\u00e9 dans le concret.<\/p>\t\t\t\t\t\t\t\t<\/div>\n\t\t\t\t<\/div>\n\t\t\t\t\t<\/div>\n\t\t<\/div>\n\t\t\t\t\t<\/div>\n\t\t<\/section>\n\t\t\t\t<section class=\"elementor-section elementor-top-section elementor-element elementor-element-049a6bb elementor-section-boxed elementor-section-height-default elementor-section-height-default\" data-id=\"049a6bb\" data-element_type=\"section\" data-e-type=\"section\">\n\t\t\t\t\t\t<div class=\"elementor-container elementor-column-gap-default\">\n\t\t\t\t\t<div class=\"elementor-column elementor-col-100 elementor-top-column elementor-element elementor-element-43ee86e\" data-id=\"43ee86e\" data-element_type=\"column\" data-e-type=\"column\">\n\t\t\t<div class=\"elementor-widget-wrap elementor-element-populated\">\n\t\t\t\t\t\t<div class=\"elementor-element elementor-element-96b8054 elementor-widget-divider--separator-type-pattern elementor-widget-divider--view-line elementor-widget elementor-widget-divider\" data-id=\"96b8054\" data-element_type=\"widget\" data-e-type=\"widget\" data-widget_type=\"divider.default\">\n\t\t\t\t<div class=\"elementor-widget-container\">\n\t\t\t\t\t\t\t<div class=\"elementor-divider\" style=\"--divider-pattern-url: url(&quot;data:image\/svg+xml,%3Csvg xmlns=&#039;http:\/\/www.w3.org\/2000\/svg&#039; preserveAspectRatio=&#039;none&#039; overflow=&#039;visible&#039; height=&#039;100%&#039; viewBox=&#039;0 0 24 24&#039; fill=&#039;black&#039; stroke=&#039;none&#039;%3E%3Cpolygon points=&#039;9.4,2 24,2 14.6,21.6 0,21.6&#039;\/%3E%3C\/svg%3E&quot;);\">\n\t\t\t<span class=\"elementor-divider-separator\">\n\t\t\t\t\t\t<\/span>\n\t\t<\/div>\n\t\t\t\t\t\t<\/div>\n\t\t\t\t<\/div>\n\t\t\t\t\t<\/div>\n\t\t<\/div>\n\t\t\t\t\t<\/div>\n\t\t<\/section>\n\t\t\t\t<\/div>\n\t\t","protected":false},"excerpt":{"rendered":"<p>L\u2019espace o\u00f9 vous, votre animal et la nature retrouvez une connexion vivante et juste. Animalpowers vous ram\u00e8ne \u00e0 l\u2019essentiel.Sans d\u00e9tour.Sans complexit\u00e9 inutile.Avec profondeur, clart\u00e9 et des outils directement applicables dans votre vie quotidienne. Ici, vous d\u00e9couvrez ce que votre animal cherche \u00e0 vous dire, l\u00e0 o\u00f9 vous \u00eates bloqu\u00e9, et quelle direction souhaite \u00e9merger pour [&hellip;]<\/p>\n","protected":false},"author":1,"featured_media":0,"parent":0,"menu_order":0,"comment_status":"closed","ping_status":"closed","template":"","meta":{"footnotes":""},"class_list":["post-2145","page","type-page","status-publish","hentry"],"_links":{"self":[{"href":"https:\/\/animalpowers.fr\/wp-json\/wp\/v2\/pages\/2145","targetHints":{"allow":["GET"]}}],"collection":[{"href":"https:\/\/animalpowers.fr\/wp-json\/wp\/v2\/pages"}],"about":[{"href":"https:\/\/animalpowers.fr\/wp-json\/wp\/v2\/types\/page"}],"author":[{"embeddable":true,"href":"https:\/\/animalpowers.fr\/wp-json\/wp\/v2\/users\/1"}],"replies":[{"embeddable":true,"href":"https:\/\/animalpowers.fr\/wp-json\/wp\/v2\/comments?post=2145"}],"version-history":[{"count":14,"href":"https:\/\/animalpowers.fr\/wp-json\/wp\/v2\/pages\/2145\/revisions"}],"predecessor-version":[{"id":2229,"href":"https:\/\/animalpowers.fr\/wp-json\/wp\/v2\/pages\/2145\/revisions\/2229"}],"wp:attachment":[{"href":"https:\/\/animalpowers.fr\/wp-json\/wp\/v2\/media?parent=2145"}],"curies":[{"name":"wp","href":"https:\/\/api.w.org\/{rel}","templated":true}]}}